{"id":419,"date":"2019-12-02T02:44:34","date_gmt":"2019-12-02T05:44:34","guid":{"rendered":"https:\/\/messody.com\/contact-us\/"},"modified":"2023-07-21T09:22:28","modified_gmt":"2023-07-21T12:22:28","slug":"contact","status":"publish","type":"page","link":"https:\/\/messody.com\/es\/contact\/","title":{"rendered":"contacto"},"content":{"rendered":"<div data-elementor-type=\"wp-page\" data-elementor-id=\"419\" class=\"elementor elementor-419\" data-elementor-post-type=\"page\">\n\t\t\t\t\t\t<div class=\"elementor-inner\">\n\t\t\t\t<div class=\"elementor-section-wrap\">\n\t\t\t\t\t\t\t\t\t<section data-particle_enable=\"false\" data-particle-mobile-disabled=\"false\" class=\"elementor-section elementor-top-section elementor-element elementor-element-ce19661 elementor-section-boxed elementor-section-gap-beside-yes elementor-section-height-default elementor-section-height-default elementor-section-column-vertical-align-stretch\" data-id=\"ce19661\" data-element_type=\"section\">\n\t\t\t\t\t\t<div class=\"elementor-container elementor-column-gap-extended\">\n\t\t\t\t\t\t\t<div class=\"elementor-row\">\n\t\t\t\t\t<div class=\"elementor-column elementor-col-100 elementor-top-column elementor-element elementor-element-e086d72\" data-id=\"e086d72\" data-element_type=\"column\">\n\t\t\t<div class=\"elementor-column-wrap elementor-element-populated\">\n\t\t\t\t\t\t\t<div class=\"elementor-widget-wrap\">\n\t\t\t\t\t\t<div class=\"elementor-element elementor-element-712baa6 elementor-invisible elementor-widget elementor-widget-tm-heading\" data-id=\"712baa6\" data-element_type=\"widget\" data-settings=\"{&quot;_animation&quot;:&quot;maxcoachFadeInUp&quot;}\" data-widget_type=\"tm-heading.default\">\n\t\t\t\t<div class=\"elementor-widget-container\">\n\t\t\t\t\t<div class=\"tm-modern-heading\">\n\t\t\t\n\t\t\t\t\t<div class=\"heading-primary-wrap\">\n\t\t\t<h2 class=\"heading-primary elementor-heading-title\">Ponerse en contacto<\/h2>\t\t<\/div>\n\t\t\n\t\t\t\n\t\t\t\t\t<\/div>\n\t\t\t\t<\/div>\n\t\t\t\t<\/div>\n\t\t\t\t<section data-particle_enable=\"false\" data-particle-mobile-disabled=\"false\" class=\"elementor-section elementor-inner-section elementor-element elementor-element-92cb7ef elementor-section-gap-beside-no elementor-section-boxed elementor-section-height-default elementor-section-height-default elementor-section-column-vertical-align-stretch\" data-id=\"92cb7ef\" data-element_type=\"section\">\n\t\t\t\t\t\t<div class=\"elementor-container elementor-column-gap-custom\">\n\t\t\t\t\t\t\t<div class=\"elementor-row\">\n\t\t\t\t\t<div class=\"elementor-column elementor-col-33 elementor-inner-column elementor-element elementor-element-c266387\" data-id=\"c266387\" data-element_type=\"column\">\n\t\t\t<div class=\"elementor-column-wrap elementor-element-populated\">\n\t\t\t\t\t\t\t<div class=\"elementor-widget-wrap\">\n\t\t\t\t\t\t<div class=\"elementor-element elementor-element-cd88337 elementor-position-left maxcoach-view-default mobile-position-top-yes elementor-vertical-align-top elementor-invisible elementor-widget elementor-widget-tm-icon-box\" data-id=\"cd88337\" data-element_type=\"widget\" data-settings=\"{&quot;_animation&quot;:&quot;maxcoachFadeInUp&quot;}\" data-widget_type=\"tm-icon-box.default\">\n\t\t\t\t<div class=\"elementor-widget-container\">\n\t\t\t\t\t<div class=\"tm-icon-box maxcoach-box\">\t\t\t\t<div class=\"icon-box-wrapper\">\n\t\t\t\t\t<div class=\"maxcoach-icon-wrap\">\n\t\t\t<div class=\"maxcoach-icon-view first\">\n\t\t\t\t<div class=\"maxcoach-icon-view-inner\">\n\t\t\t\t\t<div class=\"maxcoach-icon icon maxcoach-solid-icon\">\n\t\t\t\t\t\t<i aria-hidden=\"true\" class=\"fal fa-map-marker-alt\"><\/i>\t\t\t\t\t<\/div>\n\t\t\t\t<\/div>\n\t\t\t<\/div>\n\n\t\t\t\t\t<\/div>\n\t\t\n\t\t\t<div class=\"icon-box-content\">\n\t\t\t\t\t\t<div class=\"heading-wrap\">\n\t\t\t<h3 class=\"heading\">DIRECCI\u00d3N<\/h3>\n\t\t\t\t\t<\/div>\n\t\t\n\t\t\t\t\t\t<div class=\"description-wrap\">\n\t\t\t<div class=\"description\">\n\t\t\t\tSderot Tom Lantos, 60 (tercer piso, habitaci\u00f3n 16) - Netanya, Israel\t\t\t<\/div>\n\t\t<\/div>\n\t\t\n\t\t\t\t\t\t\t<\/div>\n\t\t<\/div>\n\n\t\t<\/div>\t\t\t\t<\/div>\n\t\t\t\t<\/div>\n\t\t\t\t\t\t<\/div>\n\t\t\t\t\t<\/div>\n\t\t<\/div>\n\t\t\t\t<div class=\"elementor-column elementor-col-33 elementor-inner-column elementor-element elementor-element-86b33ee\" data-id=\"86b33ee\" data-element_type=\"column\">\n\t\t\t<div class=\"elementor-column-wrap elementor-element-populated\">\n\t\t\t\t\t\t\t<div class=\"elementor-widget-wrap\">\n\t\t\t\t\t\t<div class=\"elementor-element elementor-element-c3aafef elementor-position-left maxcoach-view-default mobile-position-top-yes elementor-vertical-align-top elementor-invisible elementor-widget elementor-widget-tm-icon-box\" data-id=\"c3aafef\" data-element_type=\"widget\" data-settings=\"{&quot;_animation&quot;:&quot;maxcoachFadeInUp&quot;}\" data-widget_type=\"tm-icon-box.default\">\n\t\t\t\t<div class=\"elementor-widget-container\">\n\t\t\t\t\t<div class=\"tm-icon-box maxcoach-box\">\t\t\t\t<div class=\"icon-box-wrapper\">\n\t\t\t\t\t<div class=\"maxcoach-icon-wrap\">\n\t\t\t<div class=\"maxcoach-icon-view first\">\n\t\t\t\t<div class=\"maxcoach-icon-view-inner\">\n\t\t\t\t\t<div class=\"maxcoach-icon icon maxcoach-solid-icon\">\n\t\t\t\t\t\t<i aria-hidden=\"true\" class=\"fal fa-phone\"><\/i>\t\t\t\t\t<\/div>\n\t\t\t\t<\/div>\n\t\t\t<\/div>\n\n\t\t\t\t\t<\/div>\n\t\t\n\t\t\t<div class=\"icon-box-content\">\n\t\t\t\t\t\t<div class=\"heading-wrap\">\n\t\t\t<h3 class=\"heading\">contacto<\/h3>\n\t\t\t\t\t<\/div>\n\t\t\n\t\t\t\t\t\t<div class=\"description-wrap\">\n\t\t\t<div class=\"description\">\n\t\t\t\ttel\u00e9fono: <strong style=\"color: #333\">+972 508666593<\/strong><br \/>\ncorreo: <a href=\"mailto:drwaissmann@gmail.com\">drwaissmann@gmail.com<\/a> \t\t\t<\/div>\n\t\t<\/div>\n\t\t\n\t\t\t\t\t\t\t<\/div>\n\t\t<\/div>\n\n\t\t<\/div>\t\t\t\t<\/div>\n\t\t\t\t<\/div>\n\t\t\t\t\t\t<\/div>\n\t\t\t\t\t<\/div>\n\t\t<\/div>\n\t\t\t\t<div class=\"elementor-column elementor-col-33 elementor-inner-column elementor-element elementor-element-32e85ac\" data-id=\"32e85ac\" data-element_type=\"column\">\n\t\t\t<div class=\"elementor-column-wrap elementor-element-populated\">\n\t\t\t\t\t\t\t<div class=\"elementor-widget-wrap\">\n\t\t\t\t\t\t<div class=\"elementor-element elementor-element-7c395ae elementor-position-left maxcoach-view-default mobile-position-top-yes elementor-vertical-align-top elementor-invisible elementor-widget elementor-widget-tm-icon-box\" data-id=\"7c395ae\" data-element_type=\"widget\" data-settings=\"{&quot;_animation&quot;:&quot;maxcoachFadeInUp&quot;}\" data-widget_type=\"tm-icon-box.default\">\n\t\t\t\t<div class=\"elementor-widget-container\">\n\t\t\t\t\t<div class=\"tm-icon-box maxcoach-box\">\t\t\t\t<div class=\"icon-box-wrapper\">\n\t\t\t\t\t<div class=\"maxcoach-icon-wrap\">\n\t\t\t<div class=\"maxcoach-icon-view first\">\n\t\t\t\t<div class=\"maxcoach-icon-view-inner\">\n\t\t\t\t\t<div class=\"maxcoach-icon icon maxcoach-solid-icon\">\n\t\t\t\t\t\t<i aria-hidden=\"true\" class=\"fal fa-clock\"><\/i>\t\t\t\t\t<\/div>\n\t\t\t\t<\/div>\n\t\t\t<\/div>\n\n\t\t\t\t\t<\/div>\n\t\t\n\t\t\t<div class=\"icon-box-content\">\n\t\t\t\t\t\t<div class=\"heading-wrap\">\n\t\t\t<h3 class=\"heading\">horas de servicio<\/h3>\n\t\t\t\t\t<\/div>\n\t\t\n\t\t\t\t\t\t<div class=\"description-wrap\">\n\t\t\t<div class=\"description\">\n\t\t\t\tLunes a Viernes 9:00 - 17:00<br \/>\nDomingo: cerrado<br \/>\nS\u00e1bado: 8:00 - 20:00\t\t\t<\/div>\n\t\t<\/div>\n\t\t\n\t\t\t\t\t\t\t<\/div>\n\t\t<\/div>\n\n\t\t<\/div>\t\t\t\t<\/div>\n\t\t\t\t<\/div>\n\t\t\t\t\t\t<\/div>\n\t\t\t\t\t<\/div>\n\t\t<\/div>\n\t\t\t\t\t\t\t\t<\/div>\n\t\t\t\t\t<\/div>\n\t\t<\/section>\n\t\t\t\t\t\t<\/div>\n\t\t\t\t\t<\/div>\n\t\t<\/div>\n\t\t\t\t\t\t\t\t<\/div>\n\t\t\t\t\t<\/div>\n\t\t<\/section>\n\t\t\t\t\t\t\t\t\t<\/div>\n\t\t\t<\/div>\n\t\t\t\t\t<\/div>","protected":false},"excerpt":{"rendered":"<p>P\u00f3ngase en contacto Direcci\u00f3n Sderot Tom Lantos, 60 (tercer piso, sala 16) - Netanya, Israel Tel\u00e9fono de la persona de contacto: +972 508666593 correo electr\u00f3nico: drwaissmann@gmail.com Horario de atenci\u00f3n de lunes a viernes de 9:00 a. m. a 5:00 p. m. Domingo: cerrado S\u00e1bado: 8:00 - 20:00<\/p>","protected":false},"author":1,"featured_media":0,"parent":0,"menu_order":0,"comment_status":"closed","ping_status":"closed","template":"","meta":{"loftloader_page_shortcode":"","footnotes":""},"class_list":["post-419","page","type-page","status-publish","hentry","post-no-thumbnail"],"_links":{"self":[{"href":"https:\/\/messody.com\/es\/wp-json\/wp\/v2\/pages\/419","targetHints":{"allow":["GET"]}}],"collection":[{"href":"https:\/\/messody.com\/es\/wp-json\/wp\/v2\/pages"}],"about":[{"href":"https:\/\/messody.com\/es\/wp-json\/wp\/v2\/types\/page"}],"author":[{"embeddable":true,"href":"https:\/\/messody.com\/es\/wp-json\/wp\/v2\/users\/1"}],"replies":[{"embeddable":true,"href":"https:\/\/messody.com\/es\/wp-json\/wp\/v2\/comments?post=419"}],"version-history":[{"count":23,"href":"https:\/\/messody.com\/es\/wp-json\/wp\/v2\/pages\/419\/revisions"}],"predecessor-version":[{"id":7439,"href":"https:\/\/messody.com\/es\/wp-json\/wp\/v2\/pages\/419\/revisions\/7439"}],"wp:attachment":[{"href":"https:\/\/messody.com\/es\/wp-json\/wp\/v2\/media?parent=419"}],"curies":[{"name":"wp","href":"https:\/\/api.w.org\/{rel}","templated":true}]}}